{"id":17,"date":"2012-11-02T16:07:30","date_gmt":"2012-11-02T15:07:30","guid":{"rendered":"http:\/\/neu.birtemirbach.de\/mirbach\/birte-mirbach-uebersetzerin-2\/"},"modified":"2023-03-15T17:54:47","modified_gmt":"2023-03-15T16:54:47","slug":"translator","status":"publish","type":"page","link":"https:\/\/www.birtemirbach.de\/en\/translator\/","title":{"rendered":"Birte Mirbach, Translator"},"content":{"rendered":"\n<p>How much I love languages already became clear at a very early age when I was still in kindergarten, when someone rashly taught me my first English words. Many trips to foreign countries failed to reduce this interest of mine. So it was simply logical for me to decide on doing \u201csomething with language\u201d as my profession.<\/p>\n\n\n\n<p>Today I am a qualified translator translating your texts from English, Spanish and Dutch into German.<\/p>\n\n\n\n<h2 class=\"wp-block-heading\">My Career<\/h2>\n\n\n\n<p>On April 1st, 2003 I graduated from the<strong> University of Applied Sciences Cologne<\/strong> as a translator. I also spent several semesters as a visiting student at:<\/p>\n\n\n\n<ul class=\"wp-block-list\">\n<li>Universidad de Le\u00f3n,<\/li>\n\n\n\n<li>Leipzig University,<\/li>\n\n\n\n<li>John Moores University Liverpool,<\/li>\n\n\n\n<li>Erasmus Hogeschool in Brussels<\/li>\n<\/ul>\n\n\n\n<p><strong>Temporary minor subjects:<\/strong><br>Psychology<br>Business management<\/p>\n\n\n\n<p><strong>Further linguistic proficiency:<\/strong><br>French, Afrikaans<\/p>\n\n\n\n<p><strong>I graduated<\/strong> with the translation of an economic specialist text from Spanish into German including annotations on selected translation problems:<br>Guillermo de la Dehesa: Comprender la globalizaci\u00f3n, cap\u00edtulo 11: Espa\u00f1a ante la globalizaci\u00f3n.<\/p>\n\n\n\n<p>On top of that, I like to take the opportunity to further my education in workshops or as a guest student at Cologne University.<\/p>\n","protected":false},"excerpt":{"rendered":"<p>How much I love languages already became clear at a very early age when I was still in kindergarten, when someone rashly taught me my first English words. Many trips to foreign countries failed to reduce this interest of mine. So it was simply logical for me to decide on doing \u201csomething with language\u201d as [&hellip;]<\/p>\n","protected":false},"author":2,"featured_media":0,"parent":0,"menu_order":0,"comment_status":"closed","ping_status":"closed","template":"","meta":{"_genesis_hide_title":false,"_genesis_hide_breadcrumbs":false,"_genesis_hide_singular_image":false,"_genesis_hide_footer_widgets":false,"_genesis_custom_body_class":"","_genesis_custom_post_class":"","_genesis_layout":"","footnotes":""},"class_list":{"0":"post-17","1":"page","2":"type-page","3":"status-publish","5":"entry","6":"has-post-thumbnail"},"featured_image_src":null,"featured_image_src_square":null,"_links":{"self":[{"href":"https:\/\/www.birtemirbach.de\/en\/wp-json\/wp\/v2\/pages\/17","targetHints":{"allow":["GET"]}}],"collection":[{"href":"https:\/\/www.birtemirbach.de\/en\/wp-json\/wp\/v2\/pages"}],"about":[{"href":"https:\/\/www.birtemirbach.de\/en\/wp-json\/wp\/v2\/types\/page"}],"author":[{"embeddable":true,"href":"https:\/\/www.birtemirbach.de\/en\/wp-json\/wp\/v2\/users\/2"}],"replies":[{"embeddable":true,"href":"https:\/\/www.birtemirbach.de\/en\/wp-json\/wp\/v2\/comments?post=17"}],"version-history":[{"count":8,"href":"https:\/\/www.birtemirbach.de\/en\/wp-json\/wp\/v2\/pages\/17\/revisions"}],"predecessor-version":[{"id":1490,"href":"https:\/\/www.birtemirbach.de\/en\/wp-json\/wp\/v2\/pages\/17\/revisions\/1490"}],"wp:attachment":[{"href":"https:\/\/www.birtemirbach.de\/en\/wp-json\/wp\/v2\/media?parent=17"}],"curies":[{"name":"wp","href":"https:\/\/api.w.org\/{rel}","templated":true}]}}