{"id":1430,"date":"2023-03-13T19:07:58","date_gmt":"2023-03-13T18:07:58","guid":{"rendered":"https:\/\/www.birtemirbach.de\/?page_id=1430"},"modified":"2023-03-22T11:13:44","modified_gmt":"2023-03-22T10:13:44","slug":"homepage","status":"publish","type":"page","link":"https:\/\/www.birtemirbach.de\/es\/","title":{"rendered":"Homepage"},"content":{"rendered":"\n<div class=\"wp-block-genesis-blocks-gb-columns gb-layout-columns-1 one-column gb-has-background-dim gb-has-background-dim-80 gb-background-cover gb-background-no-repeat gb-has-custom-background-color gb-columns-center alignfull\" style=\"padding-top:15%;padding-right:8%;padding-bottom:25%;padding-left:8%;background-color:#484848;background-image:url(https:\/\/www.birtemirbach.de\/wp-content\/uploads\/2023\/02\/birtemirbach-ben-preater-uCtcE2T3jpQ-unsplash.jpg);background-position:43% 56.00000000000001%\"><div class=\"gb-layout-column-wrap gb-block-layout-column-gap-0 gb-is-responsive-column\" style=\"max-width:1200px\">\n<div class=\"wp-block-genesis-blocks-gb-column gb-block-layout-column\"><div class=\"gb-block-layout-column-inner\">\n<div style=\"color:#ddd\" class=\"wp-block-genesis-blocks-gb-spacer gb-block-spacer gb-divider-solid gb-divider-size-1\"><hr style=\"height:120px\"\/><\/div>\n\n\n\n<h1 class=\"has-text-align-left is-style-xl-text has-text-color wp-block-heading\" style=\"color:#ffffff\">Traducci\u00f3n<\/h1>\n\n\n\n<p class=\"is-style-capital-text has-white-color has-text-color has-larger-font-size\">ingles &gt; alem\u00e1n <br>holand\u00e9s &gt; alem\u00e1n<br>eSpa\u00f1ol &gt; alem\u00e1n<\/p>\n<\/div><\/div>\n<\/div><\/div>\n\n\n\n<div class=\"wp-block-genesis-blocks-gb-columns gb-layout-columns-2 gb-2-col-wideleft gb-columns-center alignfull\" style=\"padding-right:4%;padding-left:4%\"><div class=\"gb-layout-column-wrap gb-block-layout-column-gap-1 gb-is-responsive-column\" style=\"max-width:1240px\">\n<div class=\"wp-block-genesis-blocks-gb-column is-style-offset-up gb-block-layout-column\"><div class=\"gb-block-layout-column-inner gb-has-custom-background-color\" style=\"padding:20px;background-color:#faf7f4\">\n<div class=\"wp-block-genesis-blocks-gb-columns gb-layout-columns-2 gb-2-col-wideleft has-theme-primary-background-color gb-has-custom-text-color\" style=\"padding-top:4%;padding-right:4%;padding-bottom:4%;padding-left:4%;color:#ffffff\"><div class=\"gb-layout-column-wrap gb-block-layout-column-gap-1 gb-is-responsive-column\">\n<div class=\"wp-block-genesis-blocks-gb-column is-style-default gb-block-layout-column\"><div class=\"gb-block-layout-column-inner\">\n<h2 class=\"has-text-align-left small-heading is-style-small-text wp-block-heading\"><strong>contacto directo<\/strong><\/h2>\n\n\n\n<hr class=\"wp-block-separator has-alpha-channel-opacity is-style-default\"\/>\n<\/div><\/div>\n\n\n\n<div class=\"wp-block-genesis-blocks-gb-column gb-block-layout-column\"><div class=\"gb-block-layout-column-inner\">\n<div class=\"wp-block-buttons is-horizontal is-content-justification-right is-layout-flex wp-container-core-buttons-is-layout-30fc60b5 wp-block-buttons-is-layout-flex\">\n<div class=\"wp-block-button is-style-outline is-style-outline--1\"><a class=\"wp-block-button__link has-text-color wp-element-button\" href=\"https:\/\/www.birtemirbach.de\/es\/contacto\/\" style=\"color:#080808\">Contacto<\/a><\/div>\n<\/div>\n<\/div><\/div>\n<\/div><\/div>\n<\/div><\/div>\n\n\n\n<div class=\"wp-block-genesis-blocks-gb-column gb-block-layout-column\"><div class=\"gb-block-layout-column-inner\" style=\"margin-top:10px;padding-top:5%;padding-left:3%\">\n<p><\/p>\n<\/div><\/div>\n<\/div><\/div>\n\n\n\n<div class=\"wp-block-genesis-blocks-gb-columns gb-layout-team-1 gb-layout-columns-1 one-column gb-columns-center alignfull\" style=\"margin-top:10%;padding-top:15%;padding-right:8%;padding-bottom:10%;padding-left:8%\"><div class=\"gb-layout-column-wrap gb-block-layout-column-gap-2 gb-is-responsive-column\" style=\"max-width:1200px\">\n<div class=\"wp-block-genesis-blocks-gb-column is-style-offset-up gb-block-layout-column\"><div class=\"gb-block-layout-column-inner\"><section class=\"gb-block-post-grid featuredpage aligncenter is-style-entry-corners\"><div class=\"gb-post-grid-items is-grid columns-3\"><article id=\"post-18\" class=\"gb-post-grid-item hide-featured-image post-18 page type-page status-publish entry has-post-thumbnail\"><div class=\"gb-block-post-grid-text\"><header class=\"gb-block-post-grid-header\"><h3 class=\"gb-block-post-grid-title\"><a href=\"https:\/\/www.birtemirbach.de\/es\/traductora\/\" rel=\"bookmark\">Birte Mirbach, Licenciada en Traducci\u00f3n<\/a><\/h3><\/header><div class=\"gb-block-post-grid-excerpt\"><p>Mi amor por los idiomas y por la lengua en general sali\u00f3 a relucir a una tempran\u00edsima edad, cuando, estando yo a\u00fan en la guarder\u00eda,&hellip;<\/p>\n<p><a class=\"gb-block-post-grid-more-link gb-text-link\" href=\"https:\/\/www.birtemirbach.de\/es\/traductora\/\" rel=\"bookmark\">m\u00e1s <span class=\"screen-reader-text\">Birte Mirbach, Licenciada en Traducci\u00f3n<\/span><\/a><\/p><\/div><\/div><\/article>\n<article id=\"post-179\" class=\"gb-post-grid-item hide-featured-image post-179 page type-page status-publish entry\"><div class=\"gb-block-post-grid-text\"><header class=\"gb-block-post-grid-header\"><h3 class=\"gb-block-post-grid-title\"><a href=\"https:\/\/www.birtemirbach.de\/es\/traduccion\/traducir\/\" rel=\"bookmark\">Traducir<\/a><\/h3><\/header><div class=\"gb-block-post-grid-excerpt\"><p>\u00bfEn qu\u00e9 consiste realmente traducir? En una buena traducci\u00f3n, ha de notarse lo menos posible que se est\u00e1 ante una traducci\u00f3n. Al mismo tiempo, debe&hellip;<\/p>\n<p><a class=\"gb-block-post-grid-more-link gb-text-link\" href=\"https:\/\/www.birtemirbach.de\/es\/traduccion\/traducir\/\" rel=\"bookmark\">m\u00e1s <span class=\"screen-reader-text\">Traducir<\/span><\/a><\/p><\/div><\/div><\/article>\n<article id=\"post-166\" class=\"gb-post-grid-item hide-featured-image post-166 page type-page status-publish entry\"><div class=\"gb-block-post-grid-text\"><header class=\"gb-block-post-grid-header\"><h3 class=\"gb-block-post-grid-title\"><a href=\"https:\/\/www.birtemirbach.de\/es\/servicios\/\" rel=\"bookmark\">Servicios<\/a><\/h3><\/header><div class=\"gb-block-post-grid-excerpt\"><p>Traduzco textos de los siguientes \u00e1mbitos: literatura, turismo, viajes, tiempo libre, econom\u00eda, jardiner\u00eda y sitios web. Otros temas a petici\u00f3n. Adem\u00e1s, redacto correspondencia comercial en&hellip;<\/p>\n<p><a class=\"gb-block-post-grid-more-link gb-text-link\" href=\"https:\/\/www.birtemirbach.de\/es\/servicios\/\" rel=\"bookmark\">m\u00e1s <span class=\"screen-reader-text\">Servicios<\/span><\/a><\/p><\/div><\/div><\/article>\n<\/div><\/section><\/div><\/div>\n<\/div><\/div>\n","protected":false},"excerpt":{"rendered":"","protected":false},"author":2,"featured_media":0,"parent":0,"menu_order":0,"comment_status":"closed","ping_status":"closed","template":"templates\/blocks.php","meta":{"_genesis_hide_title":true,"_genesis_hide_breadcrumbs":false,"_genesis_hide_singular_image":false,"_genesis_hide_footer_widgets":false,"_genesis_custom_body_class":"","_genesis_custom_post_class":"","_genesis_layout":"full-width-content","footnotes":""},"class_list":{"0":"post-1430","1":"page","2":"type-page","3":"status-publish","5":"entry","6":"has-post-thumbnail"},"featured_image_src":null,"featured_image_src_square":null,"_links":{"self":[{"href":"https:\/\/www.birtemirbach.de\/es\/wp-json\/wp\/v2\/pages\/1430","targetHints":{"allow":["GET"]}}],"collection":[{"href":"https:\/\/www.birtemirbach.de\/es\/wp-json\/wp\/v2\/pages"}],"about":[{"href":"https:\/\/www.birtemirbach.de\/es\/wp-json\/wp\/v2\/types\/page"}],"author":[{"embeddable":true,"href":"https:\/\/www.birtemirbach.de\/es\/wp-json\/wp\/v2\/users\/2"}],"replies":[{"embeddable":true,"href":"https:\/\/www.birtemirbach.de\/es\/wp-json\/wp\/v2\/comments?post=1430"}],"version-history":[{"count":4,"href":"https:\/\/www.birtemirbach.de\/es\/wp-json\/wp\/v2\/pages\/1430\/revisions"}],"predecessor-version":[{"id":1545,"href":"https:\/\/www.birtemirbach.de\/es\/wp-json\/wp\/v2\/pages\/1430\/revisions\/1545"}],"wp:attachment":[{"href":"https:\/\/www.birtemirbach.de\/es\/wp-json\/wp\/v2\/media?parent=1430"}],"curies":[{"name":"wp","href":"https:\/\/api.w.org\/{rel}","templated":true}]}}