{"id":179,"date":"2012-11-06T12:57:19","date_gmt":"2012-11-06T11:57:19","guid":{"rendered":"http:\/\/neu.birtemirbach.de\/mirbach\/?page_id=179"},"modified":"2012-12-06T17:18:50","modified_gmt":"2012-12-06T16:18:50","slug":"traducir","status":"publish","type":"page","link":"https:\/\/www.birtemirbach.de\/es\/traduccion\/traducir\/","title":{"rendered":"Traducir"},"content":{"rendered":"<p>\u00bfEn qu\u00e9 consiste realmente traducir?<\/p>\n<p>En una buena traducci\u00f3n, ha de notarse lo menos posible que se est\u00e1 ante una traducci\u00f3n. Al mismo tiempo, debe procurar mantenerse la voz del autor, especialmente si se trata de literatura. Pero eso a veces no es tan f\u00e1cil. La traducci\u00f3n es proceso complejo, que no puede abordarse as\u00ed sin m\u00e1s. No se trata de traducir <em>palabras<\/em>, sino de transponer el <em>sentido<\/em>. Y, para ello, se ha de pensar siempre en el grupo receptor. \u00bfEst\u00e1 el texto, por ejemplo, concebido para un p\u00fablico puramente acad\u00e9mico, o dirigido m\u00e1s bien a legos en la materia? La actividad traductora exige no solo un excelente manejo de las lenguas de trabajo, sino tambi\u00e9n una cierta sensibilidad textual, conocimientos especializados y la capacidad de iniciarse en nuevas tem\u00e1ticas, adem\u00e1s del dominio de estrategias para la resoluci\u00f3n de problemas. Una buena base para todo ello es una adecuada formaci\u00f3n, como la que ofrecen, por ejemplo, las C\u00e1maras de Industria y Comercio o las universidades.<\/p>\n","protected":false},"excerpt":{"rendered":"<p>\u00bfEn qu\u00e9 consiste realmente traducir? En una buena traducci\u00f3n, ha de notarse lo menos posible que se est\u00e1 ante una traducci\u00f3n. Al mismo tiempo, debe procurar mantenerse la voz del autor, especialmente si se trata de literatura. Pero eso a veces no es tan f\u00e1cil. La traducci\u00f3n es proceso complejo, que no puede abordarse as\u00ed [&hellip;]<\/p>\n","protected":false},"author":2,"featured_media":0,"parent":108,"menu_order":0,"comment_status":"closed","ping_status":"closed","template":"","meta":{"_genesis_hide_title":false,"_genesis_hide_breadcrumbs":false,"_genesis_hide_singular_image":false,"_genesis_hide_footer_widgets":false,"_genesis_custom_body_class":"","_genesis_custom_post_class":"","_genesis_layout":"","footnotes":""},"class_list":{"0":"post-179","1":"page","2":"type-page","3":"status-publish","5":"entry"},"featured_image_src":null,"featured_image_src_square":null,"_links":{"self":[{"href":"https:\/\/www.birtemirbach.de\/es\/wp-json\/wp\/v2\/pages\/179","targetHints":{"allow":["GET"]}}],"collection":[{"href":"https:\/\/www.birtemirbach.de\/es\/wp-json\/wp\/v2\/pages"}],"about":[{"href":"https:\/\/www.birtemirbach.de\/es\/wp-json\/wp\/v2\/types\/page"}],"author":[{"embeddable":true,"href":"https:\/\/www.birtemirbach.de\/es\/wp-json\/wp\/v2\/users\/2"}],"replies":[{"embeddable":true,"href":"https:\/\/www.birtemirbach.de\/es\/wp-json\/wp\/v2\/comments?post=179"}],"version-history":[{"count":6,"href":"https:\/\/www.birtemirbach.de\/es\/wp-json\/wp\/v2\/pages\/179\/revisions"}],"predecessor-version":[{"id":519,"href":"https:\/\/www.birtemirbach.de\/es\/wp-json\/wp\/v2\/pages\/179\/revisions\/519"}],"up":[{"embeddable":true,"href":"https:\/\/www.birtemirbach.de\/es\/wp-json\/wp\/v2\/pages\/108"}],"wp:attachment":[{"href":"https:\/\/www.birtemirbach.de\/es\/wp-json\/wp\/v2\/media?parent=179"}],"curies":[{"name":"wp","href":"https:\/\/api.w.org\/{rel}","templated":true}]}}