{"id":222,"date":"2012-11-07T11:14:15","date_gmt":"2012-11-07T10:14:15","guid":{"rendered":"http:\/\/neu.birtemirbach.de\/mirbach\/?page_id=222"},"modified":"2012-12-06T17:18:49","modified_gmt":"2012-12-06T16:18:49","slug":"modo-de-entrega","status":"publish","type":"page","link":"https:\/\/www.birtemirbach.de\/es\/traduccion\/modo-de-entrega\/","title":{"rendered":"Modo de entrega"},"content":{"rendered":"<h3>Entrega de los textos<\/h3>\n<p>Correo electr\u00f3nico<br \/>\nEste es el tipo de entrega m\u00e1s sencillo, r\u00e1pido y barato. Dispongo del software necesario para procesar los formatos habituales en la ofim\u00e1tica convencional.<\/p>\n<p>Para encargos urgentes se ruega entregar los textos en forma de correo electr\u00f3nico ya que, de esta manera, puedo procesar el texto directamente.<\/p>\n<p>Fax<br \/>\nLa entrega via fax tambi\u00e9n es r\u00e1pido, pero en este caso el texto no est\u00e1 presente en forma de fichero de datos, lo que significa emplear m\u00e1s tiempo y trabajo.<\/p>\n<p>Presentaci\u00f3n en forma escrita<br \/>\nOtra vez, as\u00ed como con el fax, el tratamiento rige m\u00e1s trabajo y tiempo.<\/p>\n<p>Almacenamiento de datos<br \/>\nComo dispositivos de almacenamiento de datos, aceptamos disquetes de 3,5\u2019\u2019, CD-ROM est\u00e1ndar y memorias USB. En el caso de los disquetes, cuente con un retraso de 4-5 d\u00edas.<\/p>\n<h3>Entrega de las traducciones<\/h3>\n<p>En forma de correo electr\u00f3nico con el texto &#8211; que ser\u00e1 sin formaci\u00f3n &#8211; colgado, o, a petici\u00f3n, imprimido y entregado por correo.<\/p>\n<p>Si se trata de encargos peque\u00f1os de pocas p\u00e1ginas es posible entregarles en forma de fax, si lo desea.<\/p>\n<p>Si el texto de traducir fue entregado en disquete o USB-data stick, devolver\u00e9 esas memorias con la traducci\u00f3n copiada en ellos (supuesto que la capacidad es suficiente).<\/p>\n","protected":false},"excerpt":{"rendered":"<p>Entrega de los textos Correo electr\u00f3nico Este es el tipo de entrega m\u00e1s sencillo, r\u00e1pido y barato. Dispongo del software necesario para procesar los formatos habituales en la ofim\u00e1tica convencional. Para encargos urgentes se ruega entregar los textos en forma de correo electr\u00f3nico ya que, de esta manera, puedo procesar el texto directamente. Fax La [&hellip;]<\/p>\n","protected":false},"author":2,"featured_media":0,"parent":108,"menu_order":0,"comment_status":"closed","ping_status":"closed","template":"","meta":{"_genesis_hide_title":false,"_genesis_hide_breadcrumbs":false,"_genesis_hide_singular_image":false,"_genesis_hide_footer_widgets":false,"_genesis_custom_body_class":"","_genesis_custom_post_class":"","_genesis_layout":"","footnotes":""},"class_list":{"0":"post-222","1":"page","2":"type-page","3":"status-publish","5":"entry"},"featured_image_src":null,"featured_image_src_square":null,"_links":{"self":[{"href":"https:\/\/www.birtemirbach.de\/es\/wp-json\/wp\/v2\/pages\/222","targetHints":{"allow":["GET"]}}],"collection":[{"href":"https:\/\/www.birtemirbach.de\/es\/wp-json\/wp\/v2\/pages"}],"about":[{"href":"https:\/\/www.birtemirbach.de\/es\/wp-json\/wp\/v2\/types\/page"}],"author":[{"embeddable":true,"href":"https:\/\/www.birtemirbach.de\/es\/wp-json\/wp\/v2\/users\/2"}],"replies":[{"embeddable":true,"href":"https:\/\/www.birtemirbach.de\/es\/wp-json\/wp\/v2\/comments?post=222"}],"version-history":[{"count":6,"href":"https:\/\/www.birtemirbach.de\/es\/wp-json\/wp\/v2\/pages\/222\/revisions"}],"predecessor-version":[{"id":517,"href":"https:\/\/www.birtemirbach.de\/es\/wp-json\/wp\/v2\/pages\/222\/revisions\/517"}],"up":[{"embeddable":true,"href":"https:\/\/www.birtemirbach.de\/es\/wp-json\/wp\/v2\/pages\/108"}],"wp:attachment":[{"href":"https:\/\/www.birtemirbach.de\/es\/wp-json\/wp\/v2\/media?parent=222"}],"curies":[{"name":"wp","href":"https:\/\/api.w.org\/{rel}","templated":true}]}}