{"id":226,"date":"2012-11-02T17:56:10","date_gmt":"2012-11-02T16:56:10","guid":{"rendered":"http:\/\/neu.birtemirbach.de\/mirbach\/kontakt-2\/"},"modified":"2023-03-13T19:29:32","modified_gmt":"2023-03-13T18:29:32","slug":"contacto","status":"publish","type":"page","link":"https:\/\/www.birtemirbach.de\/es\/contacto\/","title":{"rendered":"Contacto"},"content":{"rendered":"\n<p>Aqu\u00ed puede contactar con mi:<\/p>\n\n\n\n<p class=\"has-large-font-size\">tel\u00e9fono: +49 221 53 97 998<\/p>\n\n\n\n<p class=\"has-large-font-size\">correo electr\u00f3nico: post@birtemirbach.de <\/p>\n\n\n\n<hr class=\"wp-block-separator has-alpha-channel-opacity\"\/>\n\n\n\n<ul class=\"wp-block-list\">\n<li><a href=\"https:\/\/www.birtemirbach.de\/es\/impressum-span\/\" data-type=\"page\" data-id=\"236\">Pie de imprenta y Pol\u00edtica de Privacidad<\/a><\/li>\n\n\n\n<li><a href=\"https:\/\/www.birtemirbach.de\/es\/traduccion\/condiciones-generales-de-contratacion\/\" data-type=\"page\" data-id=\"215\">Condiciones Generales de Contrataci\u00f3n<\/a><\/li>\n<\/ul>\n","protected":false},"excerpt":{"rendered":"<p>Aqu\u00ed puede contactar con mi: tel\u00e9fono: +49 221 53 97 998 correo electr\u00f3nico: post@birtemirbach.de<\/p>\n","protected":false},"author":2,"featured_media":0,"parent":0,"menu_order":0,"comment_status":"closed","ping_status":"closed","template":"","meta":{"_genesis_hide_title":false,"_genesis_hide_breadcrumbs":false,"_genesis_hide_singular_image":false,"_genesis_hide_footer_widgets":false,"_genesis_custom_body_class":"","_genesis_custom_post_class":"","_genesis_layout":"","footnotes":""},"class_list":{"0":"post-226","1":"page","2":"type-page","3":"status-publish","5":"entry"},"featured_image_src":null,"featured_image_src_square":null,"_links":{"self":[{"href":"https:\/\/www.birtemirbach.de\/es\/wp-json\/wp\/v2\/pages\/226","targetHints":{"allow":["GET"]}}],"collection":[{"href":"https:\/\/www.birtemirbach.de\/es\/wp-json\/wp\/v2\/pages"}],"about":[{"href":"https:\/\/www.birtemirbach.de\/es\/wp-json\/wp\/v2\/types\/page"}],"author":[{"embeddable":true,"href":"https:\/\/www.birtemirbach.de\/es\/wp-json\/wp\/v2\/users\/2"}],"replies":[{"embeddable":true,"href":"https:\/\/www.birtemirbach.de\/es\/wp-json\/wp\/v2\/comments?post=226"}],"version-history":[{"count":12,"href":"https:\/\/www.birtemirbach.de\/es\/wp-json\/wp\/v2\/pages\/226\/revisions"}],"predecessor-version":[{"id":1455,"href":"https:\/\/www.birtemirbach.de\/es\/wp-json\/wp\/v2\/pages\/226\/revisions\/1455"}],"wp:attachment":[{"href":"https:\/\/www.birtemirbach.de\/es\/wp-json\/wp\/v2\/media?parent=226"}],"curies":[{"name":"wp","href":"https:\/\/api.w.org\/{rel}","templated":true}]}}