{"id":236,"date":"2012-11-07T11:27:05","date_gmt":"2012-11-07T10:27:05","guid":{"rendered":"http:\/\/neu.birtemirbach.de\/mirbach\/?page_id=236"},"modified":"2018-07-07T17:26:35","modified_gmt":"2018-07-07T15:26:35","slug":"impressum-span","status":"publish","type":"page","link":"https:\/\/www.birtemirbach.de\/es\/impressum-span\/","title":{"rendered":"Pie de imprenta y Pol\u00edtica de Privacidad"},"content":{"rendered":"<p>Diplom-Uebersetzerin (FH) Birte Mirbach<\/p>\n<p>Aeussere Kanalstrasse 243<br \/>\nD-50827 Colonia<br \/>\nAlemania<\/p>\n<p>E-Mail: post@birtemirbach.de<br \/>\nTel. 0221\/53 97 998 (llamando de Alemania)<br \/>\n0049 221 53 97 998 (llamando de otro pa\u00eds)<\/p>\n<p>USt.IdNr. DE256193938<\/p>\n<p>&nbsp;<\/p>\n<p>Fotos y texto de (c) Birte Mirbach<br \/>\nP\u00e1gina web de <a href=\"http:\/\/baumbach-text.de\" target=\"_blank\" rel=\"noopener\">Ina Baumbach<\/a><\/p>\n<p>&nbsp;<\/p>\n<p><strong>POL\u00cdTICA DE PRIVACIDAD<\/strong><\/p>\n<p>El presente Pol\u00edtica de Privacidad establece los t\u00e9rminos en que usa y protege la informaci\u00f3n que es proporcionada por sus usuarios al momento de utilizar su sitio web. Esta compa\u00f1\u00eda est\u00e1 comprometida con la seguridad de los datos de sus usuarios. Esta Pol\u00edtica de Privacidad puede cambiar con el tiempo o ser actualizada por lo que le recomendamos y enfatizamos revisar continuamente esta p\u00e1gina para asegurarse que est\u00e1 de acuerdo con dichos cambios.<\/p>\n<p><strong>Quien es responsible por la recogida de datos<\/strong><\/p>\n<p><strong>Responsible por la recogida de datos es el proprietario de este sitio web. Los datos de contacto encuentren arriba en el pie de imprenta.<\/strong><\/p>\n<p><strong>Informaci\u00f3n que es recogida<\/strong><\/p>\n<p>Mi sitio web podr\u00e1 recoger informaci\u00f3n personal por ejemplo: Nombre y informaci\u00f3n de contacto como su direcci\u00f3n de correo electr\u00f3nica. As\u00ed mismo cuando sea necesario podr\u00e1 ser requerida informaci\u00f3n espec\u00edfica para procesar alg\u00fan pedido o realizar una entrega o facturaci\u00f3n.<\/p>\n<p>Mi proveedor de espacio web, Strato AG, Pascalstra\u00dfe 10, 10587 Berlin, recopila y almacena autom\u00e1ticamente informaci\u00f3n en los llamados archivos de registro del servidor, que su navegador me transmite autom\u00e1ticamente. Son los siguientes:<\/p>\n<ul>\n<li>Tipo y versi\u00f3n del navegador<\/li>\n<li>Sistema operativo usado<\/li>\n<li>Referrer URL<\/li>\n<li>El nombre del host del ordenador que accede a la pagina<\/li>\n<li>La hora de requerimiento del\u00a0servidor<\/li>\n<li>Direcci\u00f3n IP<\/li>\n<\/ul>\n<p>No se realizan recopilaciones de estos datos con otras fuentes de datos. La base para el procesamiento de datos es el art\u00edculo 6, p\u00e1rrafo 1, letra b), del Reglamento General de Protecci\u00f3n de Datos (RGPD), que permite el procesamiento de datos para el cumplimiento de un contrato o de medidas precontractuales.<\/p>\n<p><strong>Herramientas de an\u00e1lisis<\/strong><\/p>\n<p>Este sitio web utiliza la herramienta Statisfy para evaluar estad\u00edsticamente el acceso de los visitantes. Statisfy no procesa ni almacena ning\u00fan dato personal, incluidas las direcciones IP, y no establece ninguna cookie. Statisfy cuenta las p\u00e1ginas vistas y no los usuarios.<\/p>\n<p><strong>Conclusi\u00f3n de un contrato para el procesamiento de datos del pedido<\/strong><\/p>\n<p>He firmado un contrato con Strato para el procesamiento de mis datos de pedido e implemento completamente los estrictos requisitos de las autoridades alemanas de protecci\u00f3n de datos.<\/p>\n<p><strong>Uso de la informaci\u00f3n recogida<\/strong><\/p>\n<p>Mi sitio web emplea la informaci\u00f3n con el fin de proporcionar el mejor servicio posible, particularmente para mantener un registro de usuarios, de pedidos en caso que aplique, y mejorar mis servicios.<\/p>\n<p><strong>Seguridad de la informaci\u00f3n personal<\/strong><\/p>\n<p>Mi compromiso consiste en proteger la informaci\u00f3n personal que se me conf\u00eda y administrarla con seguridad de conformidad con la presente Declaraci\u00f3n de privacidad. Implemento medidas f\u00edsicas, administrativas y t\u00e9cnicas para proteger su informaci\u00f3n personal del acceso, el uso o la divulgaci\u00f3n no autorizados. Asimismo, solicito por contrato a mis proveedores que protejan dicha informaci\u00f3n del acceso, el uso o la divulgaci\u00f3n no autorizados. Sin embargo, no es posible garantizar que el internet sea 100% confiable; por lo tanto, no puedo asegurar ni garantizar la seguridad de la informaci\u00f3n personal que usted me proporcione.<\/p>\n<p><strong>\u00bfQu\u00e9 derechos tiene con respecto a sus datos?<\/strong><\/p>\n<p>Usted tiene derecho en todo momento a recibir informaci\u00f3n gratuita sobre el origen, el destinatario y la finalidad de sus datos personales almacenados. Usted tambi\u00e9n tiene el derecho de solicitar la correcci\u00f3n, el bloqueo o la eliminaci\u00f3n de estos datos. Puede ponerse en contacto conmigo en cualquier momento via la direcci\u00f3n indicada en el pie de imprenta si tiene m\u00e1s preguntas sobre el tema de la protecci\u00f3n de datos. Tambi\u00e9n tiene derecho a apelar ante la autoridad supervisora competente.<\/p>\n<p><strong>Derecho a la transferibilidad de los datos<\/strong><\/p>\n<p>Usted tiene derecho a que los datos que yo procese autom\u00e1ticamente sobre la base de su consentimiento o en cumplimiento de un contrato se le entreguen a usted o a un tercero en un formato com\u00fan, legible por m\u00e1quina. Si solicita la transferencia directa de los datos a otra persona responsable, esto s\u00f3lo tendr\u00e1 lugar si es t\u00e9cnicamente viable.<\/p>\n<p><strong>Encriptaci\u00f3n SSL respectivamente TLS<\/strong><\/p>\n<p>Este sitio utiliza encriptaci\u00f3n SSL o TLS por razones de seguridad y para proteger la transmisi\u00f3n de contenido confidencial, tales como \u00f3rdenes o solicitudes que usted me env\u00eda como operadora del sitio. Puede reconocer una conexi\u00f3n encriptada por el hecho de que la l\u00ednea de direcci\u00f3n del navegador cambia de \u00abhttp:\/\/\u00bb a \u00abhttps:\/\/\u00bb y por el s\u00edmbolo de candado en la l\u00ednea de su navegador.<\/p>\n<p>Si se activa el cifrado SSL o TLS, los datos que me transmita no podr\u00e1n ser le\u00eddos por terceros.<\/p>\n<p><strong>Cookies<\/strong><\/p>\n<p>Una cookie se refiere a un fichero que es enviado con la finalidad de solicitar permiso para almacenarse en su ordenador, al aceptar dicho fichero se crea y la cookie sirve entonces para tener informaci\u00f3n respecto al tr\u00e1fico web, y tambi\u00e9n facilita las futuras visitas a una web recurrente. Otra funci\u00f3n que tienen las cookies es que con ellas la web puede reconocerle individualmente y por tanto brindarle el mejor servicio personalizado de su web.<\/p>\n<p>Mi sitio web emplea las cookies para poder identificar las p\u00e1ginas que son visitadas y su frecuencia. Esta informaci\u00f3n es empleada \u00fanicamente para an\u00e1lisis estad\u00edstico y despu\u00e9s la informaci\u00f3n se elimina de forma permanente. Usted puede eliminar las cookies en cualquier momento desde su ordenador. Sin embargo las cookies ayudan a proporcionar un mejor servicio de los sitios web, no dan acceso a informaci\u00f3n de su ordenador ni de usted, a menos de que usted as\u00ed lo quiera y la proporcione directamente. Usted puede aceptar o negar el uso de cookies, sin embargo la mayor\u00eda de navegadores aceptan cookies autom\u00e1ticamente pues sirve para tener un mejor servicio web. Tambi\u00e9n usted puede cambiar la configuraci\u00f3n de su ordenador para declinar las cookies. Si se declinan es posible que no pueda utilizar algunos de mis servicios.<\/p>\n<p>Las cookies, que son necesarias para llevar a cabo el proceso de comunicaci\u00f3n electr\u00f3nica o para proporcionar ciertas funciones deseadas por usted, se almacenan sobre la base del Art. 6, p\u00e1rrafo 1 lit. f RGPD.<\/p>\n<p>Estoy usando cookies de sesi\u00f3n de la sociedad de gesti\u00f3n de derechos de autor VG Wort, M\u00fanich. Ayudan a determinar la probabilidad de que textos individuales ser\u00e1n copiados para la remuneraci\u00f3n de las derechos legales de autores y editores. No se guardan datos personales a trav\u00e9s de cookies.<\/p>\n<p><strong>Enlaces a Terceros<\/strong><\/p>\n<p>Este sitio web pudiera contener enlaces a otros sitios que pudieran ser de su inter\u00e9s. Una vez que usted de clic en estos enlaces y abandone mi p\u00e1gina, ya no tengo control sobre el sitio al que es redirigido y por lo tanto no soy responsable de los t\u00e9rminos o de la privacidad ni de la protecci\u00f3n de sus datos en esos otros sitios terceros. Dichos sitios est\u00e1n sujetos a sus propias pol\u00edticas de privacidad por lo cual es recomendable que los consulte para confirmar que usted est\u00e1 de acuerdo con estas.<\/p>\n<p><strong>Control de su informaci\u00f3n personal<\/strong><\/p>\n<p>En cualquier momento usted puede restringir la recopilaci\u00f3n o el uso de la informaci\u00f3n personal que es proporcionada a mi sitio web.<\/p>\n<p>Yo no vender\u00e9, ceder\u00e9 ni distribuir\u00e9 la informaci\u00f3n personal que es recopilada sin su consentimiento, salvo que sea requerido por un juez con un orden judicial.<\/p>\n<p>Se reserva el derecho de cambiar los t\u00e9rminos de la presente Pol\u00edtica de Privacidad en cualquier momento.<\/p>\n<p><strong>Privacidad infantil<\/strong><\/p>\n<p>Aliento a padres y tutores a asumir un papel activo a la hora de controlar las actividades en l\u00ednea de los ni\u00f1os. No recopilo intencionalmente informaci\u00f3n personal sobre los ni\u00f1os sin el consentimiento correspondiente de los padres o tutores. Si considera que poedo haber recopilado informaci\u00f3n personal sobre alg\u00fan individuo menor de la edad correspondiente de consentimiento vigente en su pa\u00eds sin el consentimiento correspondiente, comun\u00edquese con migo y tomar\u00e9 las medidas correspondientes para investigar y tratar el tema de inmediato. Mis datos de contacto se encuentran arriba en el pie de imprenta.<\/p>\n<p><strong>Objeci\u00f3n contra correos publicitarios<\/strong><\/p>\n<p>Por la presente me opongo al uso de los datos de contacto publicados en el marco de la obligaci\u00f3n del pie de imprenta para enviar publicidad y material informativo no solicitados. El operador de estas p\u00e1ginas se reserva expresamente el derecho de emprender acciones legales en caso de informaci\u00f3n publicitaria no solicitada, como correos electr\u00f3nicos no solicitados.<\/p>\n<p><strong>Plataforma de resoluci\u00f3n de litigos en l\u00ednea (OS)<\/strong><\/p>\n<p>La Comisi\u00f3n Europea proporciona una plataforma para la resoluci\u00f3n de litigios en l\u00ednea (OS). Puede encontrar la plataforma en:\u00a0<a href=\"https:\/\/webgate.ec.europa.eu\/odr\/\">https:\/\/webgate.ec.europa.eu\/odr\/<\/a><br \/>\nDirecci\u00f3n de correo electr\u00f3nico de la operadora del sitio: post@birtemirbach.de<\/p>\n<p><strong>Terminos y condiciones de servicios especiales<\/strong><\/p>\n<p>En caso de que las condiciones particulares de uso de este sitio web difieran de los puntos mencionados anteriormente, se indicar\u00e1 expresamente en el punto correspondiente. En este caso se aplicar\u00e1n las condiciones especiales de uso en cada caso individual.<\/p>\n","protected":false},"excerpt":{"rendered":"<p>Diplom-Uebersetzerin (FH) Birte Mirbach Aeussere Kanalstrasse 243 D-50827 Colonia Alemania E-Mail: post@birtemirbach.de Tel. 0221\/53 97 998 (llamando de Alemania) 0049 221 53 97 998 (llamando de otro pa\u00eds) USt.IdNr. DE256193938 &nbsp; Fotos y texto de (c) Birte Mirbach P\u00e1gina web de Ina Baumbach &nbsp; POL\u00cdTICA DE PRIVACIDAD El presente Pol\u00edtica de Privacidad establece los t\u00e9rminos [&hellip;]<\/p>\n","protected":false},"author":2,"featured_media":0,"parent":0,"menu_order":0,"comment_status":"closed","ping_status":"closed","template":"","meta":{"_genesis_hide_title":false,"_genesis_hide_breadcrumbs":false,"_genesis_hide_singular_image":false,"_genesis_hide_footer_widgets":false,"_genesis_custom_body_class":"","_genesis_custom_post_class":"","_genesis_layout":"","footnotes":""},"class_list":{"0":"post-236","1":"page","2":"type-page","3":"status-publish","5":"entry"},"featured_image_src":null,"featured_image_src_square":null,"_links":{"self":[{"href":"https:\/\/www.birtemirbach.de\/es\/wp-json\/wp\/v2\/pages\/236","targetHints":{"allow":["GET"]}}],"collection":[{"href":"https:\/\/www.birtemirbach.de\/es\/wp-json\/wp\/v2\/pages"}],"about":[{"href":"https:\/\/www.birtemirbach.de\/es\/wp-json\/wp\/v2\/types\/page"}],"author":[{"embeddable":true,"href":"https:\/\/www.birtemirbach.de\/es\/wp-json\/wp\/v2\/users\/2"}],"replies":[{"embeddable":true,"href":"https:\/\/www.birtemirbach.de\/es\/wp-json\/wp\/v2\/comments?post=236"}],"version-history":[{"count":9,"href":"https:\/\/www.birtemirbach.de\/es\/wp-json\/wp\/v2\/pages\/236\/revisions"}],"predecessor-version":[{"id":1027,"href":"https:\/\/www.birtemirbach.de\/es\/wp-json\/wp\/v2\/pages\/236\/revisions\/1027"}],"wp:attachment":[{"href":"https:\/\/www.birtemirbach.de\/es\/wp-json\/wp\/v2\/media?parent=236"}],"curies":[{"name":"wp","href":"https:\/\/api.w.org\/{rel}","templated":true}]}}