{"id":16,"date":"2012-11-02T16:07:30","date_gmt":"2012-11-02T15:07:30","guid":{"rendered":"http:\/\/neu.birtemirbach.de\/mirbach\/birte-mirbach-uebersetzerin-2\/"},"modified":"2023-03-14T18:19:06","modified_gmt":"2023-03-14T17:19:06","slug":"vertaalster","status":"publish","type":"page","link":"https:\/\/www.birtemirbach.de\/nl\/vertaalster\/","title":{"rendered":"Birte Mirbach, Vertaalster"},"content":{"rendered":"\n<p>Mijn belangstelling voor de taal zelf en voor vreemde talen werd al vroeg duidelijk toen iemand, toen ik nog op de kleuterschool zat, zo onvoorzichtig was mij de eerste Engelse woorden te leren. Talrijke verblijven in het buitenland bevorderden mijn passie. Dus was het heel logisch dat ik de beslissing naam ook beroepsmatig \u201ciets met taal\u201d te doen.<\/p>\n\n\n\n<p>Ik ben nu gediplomeerd vertaalster en vertaal uw teksten uit het Engels, Nederlands en Spaans naar het Duits.<\/p>\n\n\n\n<h2 class=\"wp-block-heading\">Loopbaan<\/h2>\n\n\n\n<p>Sinds 1 April 2003 ben ik <strong>gediplomeerd vertaalster<\/strong> met diploma van de <strong>FH Keulen<\/strong>. Bovendien heb ik meerdere semesters als gaststudente geabsolveerd aan de:<\/p>\n\n\n\n<ul class=\"wp-block-list\">\n<li>Universidad de Le\u00f3n,<\/li>\n\n\n\n<li>Universiteit Leipzig,<\/li>\n\n\n\n<li>Erasmus Hogeschool Brussel,<\/li>\n\n\n\n<li>John Moores University Liverpool<\/li>\n<\/ul>\n\n\n\n<p><strong>Tijdelijke bijvakken:<\/strong><\/p>\n\n\n\n<ul class=\"wp-block-list\">\n<li>Psychologie<\/li>\n\n\n\n<li>Bedrijfseconomie<\/li>\n<\/ul>\n\n\n\n<p><strong>Verdere taalkennis:<\/strong><br>Frans, Afrikaans<\/p>\n\n\n\n<p><strong>Mijn afstudeerscriptie<\/strong> bestond uit de geannoteerde vertaling van een economische vaktekst uit het Spaans naar het Duits:<\/p>\n\n\n\n<p>Guillermo de la Dehesa: Comprender la globalizaci\u00f3n, cap\u00edtulo 11: Espa\u00f1a ante la globalizaci\u00f3n<\/p>\n\n\n\n<p>Bovendien maak ik graag van de gelegenheid gebruik om me bij te scholen in workshops of als gaststudent aan de universiteit van Keulen.<\/p>\n","protected":false},"excerpt":{"rendered":"<p>Mijn belangstelling voor de taal zelf en voor vreemde talen werd al vroeg duidelijk toen iemand, toen ik nog op de kleuterschool zat, zo onvoorzichtig was mij de eerste Engelse woorden te leren. Talrijke verblijven in het buitenland bevorderden mijn passie. Dus was het heel logisch dat ik de beslissing naam ook beroepsmatig \u201ciets met [&hellip;]<\/p>\n","protected":false},"author":2,"featured_media":0,"parent":0,"menu_order":0,"comment_status":"closed","ping_status":"closed","template":"","meta":{"_genesis_hide_title":false,"_genesis_hide_breadcrumbs":false,"_genesis_hide_singular_image":false,"_genesis_hide_footer_widgets":false,"_genesis_custom_body_class":"","_genesis_custom_post_class":"","_genesis_layout":"","footnotes":""},"class_list":{"0":"post-16","1":"page","2":"type-page","3":"status-publish","5":"entry","6":"has-post-thumbnail"},"featured_image_src":null,"featured_image_src_square":null,"_links":{"self":[{"href":"https:\/\/www.birtemirbach.de\/nl\/wp-json\/wp\/v2\/pages\/16","targetHints":{"allow":["GET"]}}],"collection":[{"href":"https:\/\/www.birtemirbach.de\/nl\/wp-json\/wp\/v2\/pages"}],"about":[{"href":"https:\/\/www.birtemirbach.de\/nl\/wp-json\/wp\/v2\/types\/page"}],"author":[{"embeddable":true,"href":"https:\/\/www.birtemirbach.de\/nl\/wp-json\/wp\/v2\/users\/2"}],"replies":[{"embeddable":true,"href":"https:\/\/www.birtemirbach.de\/nl\/wp-json\/wp\/v2\/comments?post=16"}],"version-history":[{"count":8,"href":"https:\/\/www.birtemirbach.de\/nl\/wp-json\/wp\/v2\/pages\/16\/revisions"}],"predecessor-version":[{"id":1485,"href":"https:\/\/www.birtemirbach.de\/nl\/wp-json\/wp\/v2\/pages\/16\/revisions\/1485"}],"wp:attachment":[{"href":"https:\/\/www.birtemirbach.de\/nl\/wp-json\/wp\/v2\/media?parent=16"}],"curies":[{"name":"wp","href":"https:\/\/api.w.org\/{rel}","templated":true}]}}